{"id":2,"date":"2024-05-10T09:14:59","date_gmt":"2024-05-10T09:14:59","guid":{"rendered":"https:\/\/certificates.ciberimaginario.es\/?page_id=2"},"modified":"2024-05-11T10:00:26","modified_gmt":"2024-05-11T10:00:26","slug":"sample-page","status":"publish","type":"page","link":"https:\/\/certificates.ciberimaginario.es\/","title":{"rendered":"Plataforma de certificaciones"},"content":{"rendered":"\n<p>Ofrecemos servicios de certificaci\u00f3n de alta calidad para una amplia gama de eventos y formaciones acad\u00e9micas y profesionales. Con un enfoque especial en las \u00e1reas cient\u00edficas y tecnol\u00f3gicas, nuestro objetivo es proporcionar un respaldo s\u00f3lido y reconocido que impulse su desarrollo profesional y acad\u00e9mico.<\/p>\n\n\n\n<p>Elaboramos certificados de forma automatizada para una variedad de necesidades, incluyendo la participaci\u00f3n en eventos cient\u00edficos, como conferencias, seminarios y simposios, as\u00ed como para cursos, talleres y otros programas de formaci\u00f3n. Nuestro servicio se extiende a certificar la participaci\u00f3n activa en proyectos de investigaci\u00f3n y otros eventos colaborativos, adem\u00e1s de la asistencia a programas educativos relevantes para su carrera profesional y acad\u00e9mica.<\/p>\n\n\n\n<p>Gracias a nuestra plataforma digital, el proceso de solicitud y emisi\u00f3n de certificados es r\u00e1pido y eficiente, eliminando demoras innecesarias y ofreciendo opciones de personalizaci\u00f3n para que su certificado refleje con precisi\u00f3n sus participaciones y logros. <\/p>\n","protected":false},"excerpt":{"rendered":"<p>Ofrecemos servicios de certificaci\u00f3n de alta calidad para una amplia gama de eventos y formaciones acad\u00e9micas y profesionales. Con un enfoque especial en las \u00e1reas cient\u00edficas y tecnol\u00f3gicas, nuestro objetivo es proporcionar un respaldo s\u00f3lido y reconocido que impulse su desarrollo profesional y acad\u00e9mico. Elaboramos certificados de forma automatizada para una variedad de necesidades, incluyendo [&hellip;]<\/p>\n","protected":false},"author":1,"featured_media":0,"parent":0,"menu_order":0,"comment_status":"closed","ping_status":"closed","template":"","meta":{"footnotes":""},"class_list":["post-2","page","type-page","status-publish","hentry"],"_links":{"self":[{"href":"https:\/\/certificates.ciberimaginario.es\/index.php\/wp-json\/wp\/v2\/pages\/2","targetHints":{"allow":["GET"]}}],"collection":[{"href":"https:\/\/certificates.ciberimaginario.es\/index.php\/wp-json\/wp\/v2\/pages"}],"about":[{"href":"https:\/\/certificates.ciberimaginario.es\/index.php\/wp-json\/wp\/v2\/types\/page"}],"author":[{"embeddable":true,"href":"https:\/\/certificates.ciberimaginario.es\/index.php\/wp-json\/wp\/v2\/users\/1"}],"replies":[{"embeddable":true,"href":"https:\/\/certificates.ciberimaginario.es\/index.php\/wp-json\/wp\/v2\/comments?post=2"}],"version-history":[{"count":2,"href":"https:\/\/certificates.ciberimaginario.es\/index.php\/wp-json\/wp\/v2\/pages\/2\/revisions"}],"predecessor-version":[{"id":20,"href":"https:\/\/certificates.ciberimaginario.es\/index.php\/wp-json\/wp\/v2\/pages\/2\/revisions\/20"}],"wp:attachment":[{"href":"https:\/\/certificates.ciberimaginario.es\/index.php\/wp-json\/wp\/v2\/media?parent=2"}],"curies":[{"name":"wp","href":"https:\/\/api.w.org\/{rel}","templated":true}]}}